{"id":158,"date":"2024-05-30T10:55:50","date_gmt":"2024-05-30T08:55:50","guid":{"rendered":"https:\/\/lesrencontresducinemabritannique.com\/?page_id=158"},"modified":"2025-07-01T11:27:26","modified_gmt":"2025-07-01T09:27:26","slug":"la-programmation","status":"publish","type":"page","link":"https:\/\/lesrencontresducinemabritannique.com\/index.php\/la-programmation\/","title":{"rendered":"La Programmation"},"content":{"rendered":"\n<p class=\"has-text-align-center has-text-color has-link-color has-huge-font-size wp-elements-dc5c901a0918a5ea075335e0f601bcc6\" style=\"color:#265eb2;text-transform:none\"><strong>Film d&rsquo;ouverture du festival<\/strong> <\/p>\n\n\n\n<p class=\"has-text-align-center has-text-color has-link-color has-huge-font-size wp-elements-0fe7f48f48f47e9ea10369f2edfd2667\" style=\"color:#265eb2;text-transform:none\"><strong>Vendredi 4 juillet \u00e0 20h<\/strong> &#8211; <strong>Cocktail Britannique \u00e0 19h<\/strong><\/p>\n\n\n\n<div id=\"wp-block-themeisle-blocks-slider-ff1dae28\" class=\"wp-block-themeisle-blocks-slider glide\" data-per-view=\"1\" data-gap=\"0\" data-peek=\"0\" data-autoplay=\"3000\" data-height=\"600px\" data-hide-arrows=\"false\"><div class=\"glide__track\" data-glide-el=\"track\"><div class=\"glide__slides\"><div class=\"wp-block-themeisle-blocks-slider-item-wrapper glide__slide\" tabindex=\"0\"><figure><img decoding=\"async\" class=\"wp-block-themeisle-blocks-slider-item\" src=\"http:\/\/lesrencontresducinemabritannique.com\/wp-content\/uploads\/2025\/04\/1.jpg\" alt=\"\" title=\"\" data-id=\"521\"\/><\/figure><\/div><div class=\"wp-block-themeisle-blocks-slider-item-wrapper glide__slide\" tabindex=\"0\"><figure><img decoding=\"async\" class=\"wp-block-themeisle-blocks-slider-item\" src=\"http:\/\/lesrencontresducinemabritannique.com\/wp-content\/uploads\/2025\/04\/2-.jpg\" alt=\"\" title=\"\" data-id=\"537\"\/><\/figure><\/div><div class=\"wp-block-themeisle-blocks-slider-item-wrapper glide__slide\" tabindex=\"0\"><figure><img decoding=\"async\" class=\"wp-block-themeisle-blocks-slider-item\" src=\"http:\/\/lesrencontresducinemabritannique.com\/wp-content\/uploads\/2025\/04\/3.jpg\" alt=\"\" title=\"\" data-id=\"539\"\/><\/figure><\/div><div class=\"wp-block-themeisle-blocks-slider-item-wrapper glide__slide\" tabindex=\"0\"><figure><img decoding=\"async\" class=\"wp-block-themeisle-blocks-slider-item\" src=\"http:\/\/lesrencontresducinemabritannique.com\/wp-content\/uploads\/2025\/04\/4.jpg\" alt=\"\" title=\"\" data-id=\"541\"\/><\/figure><\/div><div class=\"wp-block-themeisle-blocks-slider-item-wrapper glide__slide\" tabindex=\"0\"><figure><img decoding=\"async\" class=\"wp-block-themeisle-blocks-slider-item\" src=\"http:\/\/lesrencontresducinemabritannique.com\/wp-content\/uploads\/2025\/04\/5.jpg\" alt=\"\" title=\"\" data-id=\"540\"\/><\/figure><\/div><\/div><div class=\"glide__bullets\" data-glide-el=\"controls[nav]\"><button class=\"glide__bullet\" data-glide-dir=\"=0\"><\/button><button class=\"glide__bullet\" data-glide-dir=\"=1\"><\/button><button class=\"glide__bullet\" data-glide-dir=\"=2\"><\/button><button class=\"glide__bullet\" data-glide-dir=\"=3\"><\/button><button class=\"glide__bullet\" data-glide-dir=\"=4\"><\/button><\/div><\/div><\/div>\n\n\n\n<p class=\"has-text-color has-link-color wp-elements-c05de3530c586de44d16f81e1d715918\" style=\"color:#265eb2;text-transform:none\">Dans cette lettre d\u2019amour bouleversante au septi\u00e8me art et \u00e0 la salle de cin\u00e9ma, les immenses com\u00e9diennes et com\u00e9diens racontent \u00e0 travers leurs personnages, des destins caboss\u00e9s dont le refuge est le cin\u00e9ma Empire, b\u00e2timent vestige qui longe le front de mer d\u2019une station baln\u00e9aire anglaise.<\/p>\n\n\n\n<p class=\"has-text-color has-link-color wp-elements-b36eb7a11e6ed03d46d9c67c41252ca8\" style=\"color:#265eb2;text-transform:none\">Lors de notre pr\u00e9sentation sur grand \u00e9cran en avant film, nous retracerons la carri\u00e8re prolifique du r\u00e9alisateur, le casting formidable du film, la musique compos\u00e9e par Trent Reznor et Atticus Ross, et le travail du chef op\u00e9rateur Roger Deakins !<\/p>\n\n\n\n<div id=\"wp-block-themeisle-blocks-accordion-63548605\" class=\"wp-block-themeisle-blocks-accordion exclusive\">\n<details class=\"wp-block-themeisle-blocks-accordion-item\"><summary class=\"wp-block-themeisle-blocks-accordion-item__title\"><div><strong>Infos pratiques Film d&rsquo;ouverture<\/strong><\/div><\/summary><div class=\"wp-block-themeisle-blocks-accordion-item__content\">\n<p style=\"text-transform:none\">Vendredi 4 Juilet 2025 &#8211; 20h &#8211; Cin\u00e9ma CGR de Saint-Quentin &#8211; 7 \u20ac ou 5 \u20ac avec le Pass &#8211;<strong> Dunkirk<\/strong> &#8211; VOSTFR<\/p>\n<\/div><\/details>\n<\/div>\n\n\n\n<div id=\"wp-block-themeisle-blocks-slider-20dc2eec\" class=\"wp-block-themeisle-blocks-slider glide\" data-per-view=\"1\" data-gap=\"0\" data-peek=\"0\" data-autoplay=\"3000\" data-height=\"600px\" data-hide-arrows=\"false\"><div class=\"glide__track\" data-glide-el=\"track\"><div class=\"glide__slides\"><div class=\"wp-block-themeisle-blocks-slider-item-wrapper glide__slide\" tabindex=\"0\"><figure><img decoding=\"async\" class=\"wp-block-themeisle-blocks-slider-item\" src=\"http:\/\/lesrencontresducinemabritannique.com\/wp-content\/uploads\/2025\/07\/Hoard1.jpg\" alt=\"\" title=\"\" data-id=\"616\"\/><\/figure><\/div><div class=\"wp-block-themeisle-blocks-slider-item-wrapper glide__slide\" tabindex=\"0\"><figure><img decoding=\"async\" class=\"wp-block-themeisle-blocks-slider-item\" src=\"http:\/\/lesrencontresducinemabritannique.com\/wp-content\/uploads\/2025\/07\/hoard3.jpg\" alt=\"\" title=\"\" data-id=\"618\"\/><\/figure><\/div><div class=\"wp-block-themeisle-blocks-slider-item-wrapper glide__slide\" tabindex=\"0\"><figure><img decoding=\"async\" class=\"wp-block-themeisle-blocks-slider-item\" src=\"http:\/\/lesrencontresducinemabritannique.com\/wp-content\/uploads\/2025\/07\/hoard2.jpg\" alt=\"\" title=\"\" data-id=\"617\"\/><\/figure><\/div><div class=\"wp-block-themeisle-blocks-slider-item-wrapper glide__slide\" tabindex=\"0\"><figure><img decoding=\"async\" class=\"wp-block-themeisle-blocks-slider-item\" src=\"http:\/\/lesrencontresducinemabritannique.com\/wp-content\/uploads\/2025\/07\/hoard4.jpg\" alt=\"\" title=\"\" data-id=\"619\"\/><\/figure><\/div><\/div><div class=\"glide__bullets\" data-glide-el=\"controls[nav]\"><button class=\"glide__bullet\" data-glide-dir=\"=0\"><\/button><button class=\"glide__bullet\" data-glide-dir=\"=1\"><\/button><button class=\"glide__bullet\" data-glide-dir=\"=2\"><\/button><button class=\"glide__bullet\" data-glide-dir=\"=3\"><\/button><\/div><\/div><\/div>\n\n\n\n<p class=\"has-text-align-center has-text-color has-link-color has-large-font-size wp-elements-df76a4c0bfd14956a49da227bd6e094e\" style=\"color:#265eb2\"><strong>\u00a0\u2018British women film directors \u2018 &#8211; HOARD &#8211; Luna Carmon<br>Jeudi 3 Juillet 2025 &#8211; 20h<\/strong><\/p>\n\n\n\n<p class=\"has-text-color has-link-color wp-elements-682fafdd42383f1a38f04392dc1676a0\" style=\"color:#265eb2;text-transform:none\">Nous avons la volont\u00e9 de mettre en avant le travail  de r\u00e9alisatrices britanniques \u00e9mergentes ou plus confirm\u00e9es dans un programme <strong>&nbsp;\u2018British women film directors \u2018<\/strong>. Ainsi, nous souhaitons mettre en lumi\u00e8re le parcours de la r\u00e9alisatrice <strong>Thea Sharrock<\/strong>, autrice \u00e9mergente du cin\u00e9ma britannique. Elle commence sa carri\u00e8re au th\u00e9\u00e2tre dans la pure&nbsp; tradition anglaise puis d\u00e9bute la r\u00e9alisation \u00e0 la t\u00e9l\u00e9vision pour la BBC. Nous proposons de red\u00e9couvrir son premier film&nbsp; <strong>\u2018 Me Before You \u2018 <\/strong>dans lequel elle dirige Emilia Clarke, rayonnante de bout en bout. Puis les spectateurs pourront d\u00e9couvrir la formidable com\u00e9die grin\u00e7ante <strong>\u2018 Wicked Little Letters \u2018, <\/strong>avec notamment l\u2019immense Olivia Coleman.<\/p>\n\n\n\n<div id=\"wp-block-themeisle-blocks-slider-08d4ca5a\" class=\"wp-block-themeisle-blocks-slider glide\" data-per-view=\"1\" data-gap=\"0\" data-peek=\"0\" data-autoplay=\"true\" data-height=\"400px\" data-hide-arrows=\"false\"><div class=\"glide__track\" data-glide-el=\"track\"><div class=\"glide__slides\"><div class=\"wp-block-themeisle-blocks-slider-item-wrapper glide__slide\" tabindex=\"0\"><figure><img decoding=\"async\" class=\"wp-block-themeisle-blocks-slider-item\" src=\"http:\/\/lesrencontresducinemabritannique.com\/wp-content\/uploads\/2024\/06\/Wonka1-e1718193782499.jpeg\" alt=\"\" title=\"\" data-id=\"365\"\/><\/figure><\/div><div class=\"wp-block-themeisle-blocks-slider-item-wrapper glide__slide\" tabindex=\"0\"><figure><img decoding=\"async\" class=\"wp-block-themeisle-blocks-slider-item\" src=\"http:\/\/lesrencontresducinemabritannique.com\/wp-content\/uploads\/2024\/06\/bunny1-e1718351666922.jpeg\" alt=\"\" title=\"\" data-id=\"364\"\/><\/figure><\/div><\/div><div class=\"glide__bullets\" data-glide-el=\"controls[nav]\"><button class=\"glide__bullet\" data-glide-dir=\"=0\"><\/button><button class=\"glide__bullet\" data-glide-dir=\"=1\"><\/button><\/div><\/div><\/div>\n\n\n\n<p class=\"has-text-align-center has-text-color has-link-color has-large-font-size wp-elements-100c53ea4c256383c9f392a00cba0309\" style=\"color:#265eb2\"><strong>S\u00e9ance Jeune Public et Scolaires<\/strong><\/p>\n\n\n\n<p class=\"has-text-align-left has-text-color\" style=\"color:#265eb2;text-transform:none\">\u00c0 l\u2019occasion de notre festival, nous proposons un focus sur le travail du r\u00e9alisateur Paul King, nouveau cr\u00e9ateur de l\u2019imaginaire populaire du cin\u00e9ma britannique .                                                 Les jeunes spectateurs pourront voir ou revoir le formidable film \u2018Wonka\u2019 dans sa version originale sous-titr\u00e9e, entendre les magnifiques chansons en langue anglaise qui enchantent le film, tout en s\u2019\u00e9merveillant devant les chor\u00e9graphies qui ajoutent \u00e0 la magie de cette r\u00e9alisation. Aussi d\u00e9couvrir son premier long-m\u00e9trage, le tr\u00e8s po\u00e9tique et inventif \u2018\u2019Bunny and the Bull \u2018.                                                                                                                                                              <\/p>\n\n\n\n<p class=\"has-text-align-left has-text-color\" style=\"color:#265eb2;text-transform:none\">Avant la projection, nous animerons une pr\u00e9sentation interactive et dynamique du film sur le grand \u00e9cran de cin\u00e9ma afin de pr\u00e9senter le travail du r\u00e9alisateur Paul King ( les films Paddington \u2026 ), le casting impressionnant compos\u00e9 d\u2019immenses com\u00e9diennes et com\u00e9diens britanniques. Nous \u00e9voquerons l\u2019\u0153uvre de l\u2019\u00e9crivain britannique Roal Dahl et de l\u2019adaptation de ses romans au cin\u00e9ma.                                                                                                                                          De beaux moments d\u2019\u00e9changes autour du cin\u00e9ma britannique pour des jeunes spectateurs qui b\u00e9n\u00e9ficieront du contact direct avec la langue anglaise et d\u2019un film magique.<\/p>\n\n\n\n<div id=\"wp-block-themeisle-blocks-accordion-f12c4ba7\" class=\"wp-block-themeisle-blocks-accordion exclusive\">\n<details class=\"wp-block-themeisle-blocks-accordion-item\"><summary class=\"wp-block-themeisle-blocks-accordion-item__title\"><div><strong>Infos pratiques S\u00e9ances Jeune Public et Scolaires  <\/strong><\/div><\/summary><div class=\"wp-block-themeisle-blocks-accordion-item__content\">\n<p>Vendredi 28 Juin 2024 &#8211; 9h30 -Cin\u00e9ma CGR de Saint-Quentin &#8211; Via le Pass Culture  WONKA &#8211; VOSTFR<\/p>\n\n\n\n<p>Vendredi 21 Juin 2024 &#8211; 9h30 &#8211; Cin\u00e9ma Le Palace de Fourmies &#8211; Via le Pass Culture  WONKA &#8211; VOSTFR<\/p>\n<\/div><\/details>\n<\/div>\n\n\n\n<p class=\"has-text-color has-link-color wp-elements-d26080821553923523b14c6e8147d059\" style=\"color:#265eb2;text-transform:none\"><strong>\u2018 The End We Start From \u2018<\/strong> est un film qui m\u00e9rite un nouveau coup de projecteur. La th\u00e9matique et le traitement contemporains se d\u00e9marquent par une narration du point de vue du personnage principal dont nous suivrons l\u2019odyss\u00e9e \u00e0 travers une Angleterre submerg\u00e9e.&nbsp;Lors de notre pr\u00e9sentation interactive, nous \u00e9voquerons le parcours de <strong>Jodie Comer<\/strong>, formidable dans ce film dans lequel elle est de tous les plans.&nbsp; Aussi, les seconds r\u00f4les du film, avec des com\u00e9diens britanniques exceptionnels. Le travail de la r\u00e9alisatrice Mahalia Belo et de l\u2019ensemble de l\u2019\u00e9quipe technique essentiellement f\u00e9minine; de la chef op\u00e9ratrice \u00e0 la compositrice.&nbsp;<\/p>\n\n\n\n<p class=\"has-text-color has-link-color wp-elements-225f85baa6a5436750700f6a1ae1e96f\" style=\"color:#265eb2;text-transform:none\"><strong>\u2018 Blue Jean \u2018<\/strong> fait parti de ces films r\u00e9alis\u00e9s par la nouvelle vague des r\u00e9alisatrices britanniques. L\u2019occasion de pr\u00e9senter le travail de Georgia Oakley et de toutes ces r\u00e9alisatrices qui red\u00e9finissent le paysage cin\u00e9matographique britannique.<\/p>\n\n\n\n<div id=\"wp-block-themeisle-blocks-slider-c2b93a81\" class=\"wp-block-themeisle-blocks-slider glide\" data-per-view=\"1\" data-gap=\"0\" data-peek=\"0\" data-autoplay=\"true\" data-height=\"400px\" data-hide-arrows=\"false\"><div class=\"glide__track\" data-glide-el=\"track\"><div class=\"glide__slides\"><div class=\"wp-block-themeisle-blocks-slider-item-wrapper glide__slide\" tabindex=\"0\"><figure><img decoding=\"async\" class=\"wp-block-themeisle-blocks-slider-item\" src=\"http:\/\/lesrencontresducinemabritannique.com\/wp-content\/uploads\/2024\/06\/Lola-e1718193847655.jpg\" alt=\"\" title=\"\" data-id=\"376\"\/><\/figure><\/div><div class=\"wp-block-themeisle-blocks-slider-item-wrapper glide__slide\" tabindex=\"0\"><figure><img decoding=\"async\" class=\"wp-block-themeisle-blocks-slider-item\" src=\"http:\/\/lesrencontresducinemabritannique.com\/wp-content\/uploads\/2024\/06\/DB-e1717754465516.jpeg\" alt=\"\" title=\"\" data-id=\"374\"\/><\/figure><\/div><\/div><div class=\"glide__bullets\" data-glide-el=\"controls[nav]\"><button class=\"glide__bullet\" data-glide-dir=\"=0\"><\/button><button class=\"glide__bullet\" data-glide-dir=\"=1\"><\/button><\/div><\/div><\/div>\n\n\n\n<p class=\"has-text-align-center has-text-color has-link-color has-large-font-size wp-elements-afd7c00aec65f065c5c0e3652d21ab0f\" style=\"color:#265eb2\"><strong><strong>&nbsp;\u2018Irish Films \u2018<\/strong><\/strong><\/p>\n\n\n\n<p class=\"has-text-color has-link-color wp-elements-30321515344852cd217d0abbc1250c4d\" style=\"color:#265eb2;text-transform:none\">Nous sommes tr\u00e8s heureux de pr\u00e9senter deux films de la production irlandaise qui trouve difficilement sa place dans les salles de cin\u00e9ma en France. Nous d\u00e9sirons d\u00e9velopper cette proposition dans un partenariat avec le<strong> Irish Film Institute<\/strong>.<\/p>\n","protected":false},"excerpt":{"rendered":"<p>Film d&rsquo;ouverture du festival Vendredi 4 juillet \u00e0 20h &#8211; Cocktail Britannique \u00e0 19h Dans cette lettre d\u2019amour bouleversante au septi\u00e8me art et \u00e0 la salle de cin\u00e9ma, les immenses com\u00e9diennes et com\u00e9diens racontent \u00e0 travers leurs personnages, des destins caboss\u00e9s dont le refuge est le cin\u00e9ma Empire, b\u00e2timent vestige qui longe le front de [&hellip;]<\/p>\n","protected":false},"author":1,"featured_media":0,"parent":0,"menu_order":0,"comment_status":"closed","ping_status":"closed","template":"","meta":{"_themeisle_gutenberg_block_has_review":false,"footnotes":""},"class_list":["post-158","page","type-page","status-publish","hentry"],"_links":{"self":[{"href":"https:\/\/lesrencontresducinemabritannique.com\/index.php\/wp-json\/wp\/v2\/pages\/158","targetHints":{"allow":["GET"]}}],"collection":[{"href":"https:\/\/lesrencontresducinemabritannique.com\/index.php\/wp-json\/wp\/v2\/pages"}],"about":[{"href":"https:\/\/lesrencontresducinemabritannique.com\/index.php\/wp-json\/wp\/v2\/types\/page"}],"author":[{"embeddable":true,"href":"https:\/\/lesrencontresducinemabritannique.com\/index.php\/wp-json\/wp\/v2\/users\/1"}],"replies":[{"embeddable":true,"href":"https:\/\/lesrencontresducinemabritannique.com\/index.php\/wp-json\/wp\/v2\/comments?post=158"}],"version-history":[{"count":91,"href":"https:\/\/lesrencontresducinemabritannique.com\/index.php\/wp-json\/wp\/v2\/pages\/158\/revisions"}],"predecessor-version":[{"id":625,"href":"https:\/\/lesrencontresducinemabritannique.com\/index.php\/wp-json\/wp\/v2\/pages\/158\/revisions\/625"}],"wp:attachment":[{"href":"https:\/\/lesrencontresducinemabritannique.com\/index.php\/wp-json\/wp\/v2\/media?parent=158"}],"curies":[{"name":"wp","href":"https:\/\/api.w.org\/{rel}","templated":true}]}}